{"id":2036,"date":"2025-02-13T15:57:46","date_gmt":"2025-02-13T15:57:46","guid":{"rendered":"https:\/\/www.salinaseuropa.com\/premios\/"},"modified":"2025-02-19T18:22:49","modified_gmt":"2025-02-19T18:22:49","slug":"premios","status":"publish","type":"page","link":"https:\/\/www.salinaseuropa.com\/es\/premios\/","title":{"rendered":"Premios"},"content":{"rendered":"\t\t<div data-elementor-type=\"wp-page\" data-elementor-id=\"2036\" class=\"elementor elementor-2036 elementor-1827\" data-elementor-post-type=\"page\">\n\t\t\t\t<div class=\"elementor-element elementor-element-84fc2b3 e-flex e-con-boxed e-con e-parent\" data-id=\"84fc2b3\" data-element_type=\"container\" data-e-type=\"container\" data-settings=\"{&quot;background_background&quot;:&quot;classic&quot;}\">\n\t\t\t\t\t<div class=\"e-con-inner\">\n\t\t<div class=\"elementor-element elementor-element-208597c e-con-full e-flex e-con e-child\" data-id=\"208597c\" data-element_type=\"container\" data-e-type=\"container\">\n\t\t\t\t<div class=\"elementor-element elementor-element-a32e20f elementor-widget elementor-widget-heading\" data-id=\"a32e20f\" data-element_type=\"widget\" data-e-type=\"widget\" data-widget_type=\"heading.default\">\n\t\t\t\t<div class=\"elementor-widget-container\">\n\t\t\t\t\t<h2 class=\"elementor-heading-title elementor-size-default\">Premios<\/h2>\t\t\t\t<\/div>\n\t\t\t\t<\/div>\n\t\t\t\t<div class=\"elementor-element elementor-element-3462fd2 elementor-widget elementor-widget-heading\" data-id=\"3462fd2\" data-element_type=\"widget\" data-e-type=\"widget\" data-widget_type=\"heading.default\">\n\t\t\t\t<div class=\"elementor-widget-container\">\n\t\t\t\t\t<h1 class=\"elementor-heading-title elementor-size-default\">Premios que nos enorgullecen<\/h1>\t\t\t\t<\/div>\n\t\t\t\t<\/div>\n\t\t\t\t<\/div>\n\t\t\t\t\t<\/div>\n\t\t\t\t<\/div>\n\t\t<div class=\"elementor-element elementor-element-6577865 e-flex e-con-boxed e-con e-parent\" data-id=\"6577865\" data-element_type=\"container\" data-e-type=\"container\" data-settings=\"{&quot;background_background&quot;:&quot;classic&quot;}\">\n\t\t\t\t\t<div class=\"e-con-inner\">\n\t\t<div class=\"elementor-element elementor-element-6ead91a e-con-full e-flex e-con e-child\" data-id=\"6ead91a\" data-element_type=\"container\" data-e-type=\"container\">\n\t\t\t\t<div class=\"elementor-element elementor-element-976ea73 elementor-widget elementor-widget-image\" data-id=\"976ea73\" data-element_type=\"widget\" data-e-type=\"widget\" data-widget_type=\"image.default\">\n\t\t\t\t<div class=\"elementor-widget-container\">\n\t\t\t\t\t\t\t\t\t\t\t\t\t\t\t<img fetchpriority=\"high\" decoding=\"async\" width=\"800\" height=\"802\" src=\"https:\/\/www.salinaseuropa.com\/wp-content\/uploads\/2025\/01\/hours-concours-1021x1024.png\" class=\"attachment-large size-large wp-image-1198\" alt=\"\" srcset=\"https:\/\/www.salinaseuropa.com\/wp-content\/uploads\/2025\/01\/hours-concours-1021x1024.png 1021w, https:\/\/www.salinaseuropa.com\/wp-content\/uploads\/2025\/01\/hours-concours-300x300.png 300w, https:\/\/www.salinaseuropa.com\/wp-content\/uploads\/2025\/01\/hours-concours-150x150.png 150w, https:\/\/www.salinaseuropa.com\/wp-content\/uploads\/2025\/01\/hours-concours-768x770.png 768w, https:\/\/www.salinaseuropa.com\/wp-content\/uploads\/2025\/01\/hours-concours.png 1077w\" sizes=\"(max-width: 800px) 100vw, 800px\" \/>\t\t\t\t\t\t\t\t\t\t\t\t\t\t\t<\/div>\n\t\t\t\t<\/div>\n\t\t\t\t<div class=\"elementor-element elementor-element-f0287a1 elementor-widget elementor-widget-heading\" data-id=\"f0287a1\" data-element_type=\"widget\" data-e-type=\"widget\" data-widget_type=\"heading.default\">\n\t\t\t\t<div class=\"elementor-widget-container\">\n\t\t\t\t\t<h2 class=\"elementor-heading-title elementor-size-default\">Hours Concours<\/h2>\t\t\t\t<\/div>\n\t\t\t\t<\/div>\n\t\t\t\t<div class=\"elementor-element elementor-element-9f4389f elementor-widget elementor-widget-text-editor\" data-id=\"9f4389f\" data-element_type=\"widget\" data-e-type=\"widget\" data-widget_type=\"text-editor.default\">\n\t\t\t\t<div class=\"elementor-widget-container\">\n\t\t\t\t\t\t\t\t\t<p><b>Festival Internacional de Sabar\u00e1.<\/b><br \/>\u00abHours Concours\u00bb en el concurso organizado por la AMPAQ (Associa\u00e7\u00e3o Mineira dos Produtores de Aguardente de Qualidade) en el Festival de la Cacha\u00e7a, en la ciudad de Sabar\u00e1, Minas Gerais , despu\u00e9s de ganar el t\u00edtulo durante 4 a\u00f1os consecutivos (1987 a 1990).<\/p>\n\t\t\t\t\t\t\t\t<\/div>\n\t\t\t\t<\/div>\n\t\t\t\t<\/div>\n\t\t<div class=\"elementor-element elementor-element-73fb3e3 e-con-full e-flex e-con e-child\" data-id=\"73fb3e3\" data-element_type=\"container\" data-e-type=\"container\">\n\t\t\t\t<div class=\"elementor-element elementor-element-7bd5d92 elementor-widget elementor-widget-image\" data-id=\"7bd5d92\" data-element_type=\"widget\" data-e-type=\"widget\" data-widget_type=\"image.default\">\n\t\t\t\t<div class=\"elementor-widget-container\">\n\t\t\t\t\t\t\t\t\t\t\t\t\t\t\t<img decoding=\"async\" width=\"1081\" height=\"1080\" src=\"https:\/\/www.salinaseuropa.com\/wp-content\/uploads\/2025\/01\/premios-bruxelas.png\" class=\"attachment-2048x2048 size-2048x2048 wp-image-1196\" alt=\"\" srcset=\"https:\/\/www.salinaseuropa.com\/wp-content\/uploads\/2025\/01\/premios-bruxelas.png 1081w, https:\/\/www.salinaseuropa.com\/wp-content\/uploads\/2025\/01\/premios-bruxelas-300x300.png 300w, https:\/\/www.salinaseuropa.com\/wp-content\/uploads\/2025\/01\/premios-bruxelas-1024x1024.png 1024w, https:\/\/www.salinaseuropa.com\/wp-content\/uploads\/2025\/01\/premios-bruxelas-150x150.png 150w, https:\/\/www.salinaseuropa.com\/wp-content\/uploads\/2025\/01\/premios-bruxelas-768x767.png 768w\" sizes=\"(max-width: 1081px) 100vw, 1081px\" \/>\t\t\t\t\t\t\t\t\t\t\t\t\t\t\t<\/div>\n\t\t\t\t<\/div>\n\t\t\t\t<div class=\"elementor-element elementor-element-adcb3d4 elementor-widget elementor-widget-heading\" data-id=\"adcb3d4\" data-element_type=\"widget\" data-e-type=\"widget\" data-widget_type=\"heading.default\">\n\t\t\t\t<div class=\"elementor-widget-container\">\n\t\t\t\t\t<h2 class=\"elementor-heading-title elementor-size-default\">Mejor destilado<\/h2>\t\t\t\t<\/div>\n\t\t\t\t<\/div>\n\t\t\t\t<div class=\"elementor-element elementor-element-ffc1fe5 elementor-widget elementor-widget-text-editor\" data-id=\"ffc1fe5\" data-element_type=\"widget\" data-e-type=\"widget\" data-widget_type=\"text-editor.default\">\n\t\t\t\t<div class=\"elementor-widget-container\">\n\t\t\t\t\t\t\t\t\t<p>Concours Mondial <b> Bruxelles<\/b><b>.<\/b><br \/>Premios a trav\u00e9s de la prueba a ciegas en el Concours Mondial Bruxelles en 2014 y 2015.<\/p>\n\t\t\t\t\t\t\t\t<\/div>\n\t\t\t\t<\/div>\n\t\t\t\t<\/div>\n\t\t<div class=\"elementor-element elementor-element-5bd8721 e-con-full e-flex e-con e-child\" data-id=\"5bd8721\" data-element_type=\"container\" data-e-type=\"container\">\n\t\t\t\t<div class=\"elementor-element elementor-element-79992fb elementor-widget elementor-widget-image\" data-id=\"79992fb\" data-element_type=\"widget\" data-e-type=\"widget\" data-widget_type=\"image.default\">\n\t\t\t\t<div class=\"elementor-widget-container\">\n\t\t\t\t\t\t\t\t\t\t\t\t\t\t\t<img decoding=\"async\" width=\"800\" height=\"795\" src=\"https:\/\/www.salinaseuropa.com\/wp-content\/uploads\/2025\/01\/top-of-mind-1024x1018.png\" class=\"attachment-large size-large wp-image-1197\" alt=\"\" srcset=\"https:\/\/www.salinaseuropa.com\/wp-content\/uploads\/2025\/01\/top-of-mind-1024x1018.png 1024w, https:\/\/www.salinaseuropa.com\/wp-content\/uploads\/2025\/01\/top-of-mind-300x298.png 300w, https:\/\/www.salinaseuropa.com\/wp-content\/uploads\/2025\/01\/top-of-mind-150x150.png 150w, https:\/\/www.salinaseuropa.com\/wp-content\/uploads\/2025\/01\/top-of-mind-768x764.png 768w, https:\/\/www.salinaseuropa.com\/wp-content\/uploads\/2025\/01\/top-of-mind.png 1086w\" sizes=\"(max-width: 800px) 100vw, 800px\" \/>\t\t\t\t\t\t\t\t\t\t\t\t\t\t\t<\/div>\n\t\t\t\t<\/div>\n\t\t\t\t<div class=\"elementor-element elementor-element-b672652 elementor-widget elementor-widget-heading\" data-id=\"b672652\" data-element_type=\"widget\" data-e-type=\"widget\" data-widget_type=\"heading.default\">\n\t\t\t\t<div class=\"elementor-widget-container\">\n\t\t\t\t\t<h2 class=\"elementor-heading-title elementor-size-default\">Top of Mind<\/h2>\t\t\t\t<\/div>\n\t\t\t\t<\/div>\n\t\t\t\t<div class=\"elementor-element elementor-element-7aeaeb6 elementor-widget elementor-widget-text-editor\" data-id=\"7aeaeb6\" data-element_type=\"widget\" data-e-type=\"widget\" data-widget_type=\"text-editor.default\">\n\t\t\t\t<div class=\"elementor-widget-container\">\n\t\t\t\t\t\t\t\t\t<p><b>Entre las marcas m\u00e1s recordadas.<\/b><br \/>Llevamos 15 a\u00f1os consecutivos recibiendo este galard\u00f3n, que se concede tras una encuesta a la poblaci\u00f3n para identificar los productos m\u00e1s recordados y consumidos.<\/p>\n\t\t\t\t\t\t\t\t<\/div>\n\t\t\t\t<\/div>\n\t\t\t\t<\/div>\n\t\t\t\t\t<\/div>\n\t\t\t\t<\/div>\n\t\t\t\t<\/div>\n\t\t","protected":false},"excerpt":{"rendered":"<p>Premios Premios que nos enorgullecen Hours Concours Festival Internacional de Sabar\u00e1.\u00abHours Concours\u00bb en el concurso organizado por la AMPAQ (Associa\u00e7\u00e3o Mineira dos Produtores de Aguardente de Qualidade) en el Festival de la Cacha\u00e7a, en la ciudad de Sabar\u00e1, Minas Gerais , despu\u00e9s de ganar el t\u00edtulo durante 4 a\u00f1os consecutivos (1987 a 1990). Mejor destilado [&hellip;]<\/p>\n","protected":false},"author":2,"featured_media":0,"parent":0,"menu_order":0,"comment_status":"closed","ping_status":"closed","template":"","meta":{"footnotes":""},"class_list":["post-2036","page","type-page","status-publish","hentry"],"yoast_head":"<!-- This site is optimized with the Yoast SEO plugin v27.4 - https:\/\/yoast.com\/product\/yoast-seo-wordpress\/ -->\n<title>Premios - Salinas<\/title>\n<meta name=\"robots\" content=\"index, follow, max-snippet:-1, max-image-preview:large, max-video-preview:-1\" \/>\n<link rel=\"canonical\" href=\"https:\/\/www.salinaseuropa.com\/es\/premios\/\" \/>\n<meta property=\"og:locale\" content=\"es_ES\" \/>\n<meta property=\"og:type\" content=\"article\" \/>\n<meta property=\"og:title\" content=\"Premios - Salinas\" \/>\n<meta property=\"og:description\" content=\"Premios Premios que nos enorgullecen Hours Concours Festival Internacional de Sabar\u00e1.\u00abHours Concours\u00bb en el concurso organizado por la AMPAQ (Associa\u00e7\u00e3o Mineira dos Produtores de Aguardente de Qualidade) en el Festival de la Cacha\u00e7a, en la ciudad de Sabar\u00e1, Minas Gerais , despu\u00e9s de ganar el t\u00edtulo durante 4 a\u00f1os consecutivos (1987 a 1990). Mejor destilado [&hellip;]\" \/>\n<meta property=\"og:url\" content=\"https:\/\/www.salinaseuropa.com\/es\/premios\/\" \/>\n<meta property=\"og:site_name\" content=\"Salinas\" \/>\n<meta property=\"article:modified_time\" content=\"2025-02-19T18:22:49+00:00\" \/>\n<meta property=\"og:image\" content=\"https:\/\/www.salinaseuropa.com\/wp-content\/uploads\/2025\/01\/hours-concours.png\" \/>\n\t<meta property=\"og:image:width\" content=\"1077\" \/>\n\t<meta property=\"og:image:height\" content=\"1080\" \/>\n\t<meta property=\"og:image:type\" content=\"image\/png\" \/>\n<meta name=\"twitter:card\" content=\"summary_large_image\" \/>\n<meta name=\"twitter:label1\" content=\"Tiempo de lectura\" \/>\n\t<meta name=\"twitter:data1\" content=\"1 minuto\" \/>\n<script type=\"application\/ld+json\" class=\"yoast-schema-graph\">{\"@context\":\"https:\\\/\\\/schema.org\",\"@graph\":[{\"@type\":\"WebPage\",\"@id\":\"https:\\\/\\\/www.salinaseuropa.com\\\/es\\\/premios\\\/\",\"url\":\"https:\\\/\\\/www.salinaseuropa.com\\\/es\\\/premios\\\/\",\"name\":\"Premios - Salinas\",\"isPartOf\":{\"@id\":\"https:\\\/\\\/www.salinaseuropa.com\\\/#website\"},\"primaryImageOfPage\":{\"@id\":\"https:\\\/\\\/www.salinaseuropa.com\\\/es\\\/premios\\\/#primaryimage\"},\"image\":{\"@id\":\"https:\\\/\\\/www.salinaseuropa.com\\\/es\\\/premios\\\/#primaryimage\"},\"thumbnailUrl\":\"https:\\\/\\\/www.salinaseuropa.com\\\/wp-content\\\/uploads\\\/2025\\\/01\\\/hours-concours-1021x1024.png\",\"datePublished\":\"2025-02-13T15:57:46+00:00\",\"dateModified\":\"2025-02-19T18:22:49+00:00\",\"breadcrumb\":{\"@id\":\"https:\\\/\\\/www.salinaseuropa.com\\\/es\\\/premios\\\/#breadcrumb\"},\"inLanguage\":\"es\",\"potentialAction\":[{\"@type\":\"ReadAction\",\"target\":[\"https:\\\/\\\/www.salinaseuropa.com\\\/es\\\/premios\\\/\"]}]},{\"@type\":\"ImageObject\",\"inLanguage\":\"es\",\"@id\":\"https:\\\/\\\/www.salinaseuropa.com\\\/es\\\/premios\\\/#primaryimage\",\"url\":\"https:\\\/\\\/www.salinaseuropa.com\\\/wp-content\\\/uploads\\\/2025\\\/01\\\/hours-concours-1021x1024.png\",\"contentUrl\":\"https:\\\/\\\/www.salinaseuropa.com\\\/wp-content\\\/uploads\\\/2025\\\/01\\\/hours-concours-1021x1024.png\"},{\"@type\":\"BreadcrumbList\",\"@id\":\"https:\\\/\\\/www.salinaseuropa.com\\\/es\\\/premios\\\/#breadcrumb\",\"itemListElement\":[{\"@type\":\"ListItem\",\"position\":1,\"name\":\"Home\",\"item\":\"https:\\\/\\\/www.salinaseuropa.com\\\/\"},{\"@type\":\"ListItem\",\"position\":2,\"name\":\"Premios\"}]},{\"@type\":\"WebSite\",\"@id\":\"https:\\\/\\\/www.salinaseuropa.com\\\/#website\",\"url\":\"https:\\\/\\\/www.salinaseuropa.com\\\/\",\"name\":\"Salinas\",\"description\":\"Europa\",\"publisher\":{\"@id\":\"https:\\\/\\\/www.salinaseuropa.com\\\/#organization\"},\"potentialAction\":[{\"@type\":\"SearchAction\",\"target\":{\"@type\":\"EntryPoint\",\"urlTemplate\":\"https:\\\/\\\/www.salinaseuropa.com\\\/?s={search_term_string}\"},\"query-input\":{\"@type\":\"PropertyValueSpecification\",\"valueRequired\":true,\"valueName\":\"search_term_string\"}}],\"inLanguage\":\"es\"},{\"@type\":\"Organization\",\"@id\":\"https:\\\/\\\/www.salinaseuropa.com\\\/#organization\",\"name\":\"Salinas\",\"url\":\"https:\\\/\\\/www.salinaseuropa.com\\\/\",\"logo\":{\"@type\":\"ImageObject\",\"inLanguage\":\"es\",\"@id\":\"https:\\\/\\\/www.salinaseuropa.com\\\/#\\\/schema\\\/logo\\\/image\\\/\",\"url\":\"https:\\\/\\\/www.salinaseuropa.com\\\/wp-content\\\/uploads\\\/2025\\\/01\\\/Prancheta-1.png\",\"contentUrl\":\"https:\\\/\\\/www.salinaseuropa.com\\\/wp-content\\\/uploads\\\/2025\\\/01\\\/Prancheta-1.png\",\"width\":5103,\"height\":1677,\"caption\":\"Salinas\"},\"image\":{\"@id\":\"https:\\\/\\\/www.salinaseuropa.com\\\/#\\\/schema\\\/logo\\\/image\\\/\"}}]}<\/script>\n<!-- \/ Yoast SEO plugin. -->","yoast_head_json":{"title":"Premios - Salinas","robots":{"index":"index","follow":"follow","max-snippet":"max-snippet:-1","max-image-preview":"max-image-preview:large","max-video-preview":"max-video-preview:-1"},"canonical":"https:\/\/www.salinaseuropa.com\/es\/premios\/","og_locale":"es_ES","og_type":"article","og_title":"Premios - Salinas","og_description":"Premios Premios que nos enorgullecen Hours Concours Festival Internacional de Sabar\u00e1.\u00abHours Concours\u00bb en el concurso organizado por la AMPAQ (Associa\u00e7\u00e3o Mineira dos Produtores de Aguardente de Qualidade) en el Festival de la Cacha\u00e7a, en la ciudad de Sabar\u00e1, Minas Gerais , despu\u00e9s de ganar el t\u00edtulo durante 4 a\u00f1os consecutivos (1987 a 1990). Mejor destilado [&hellip;]","og_url":"https:\/\/www.salinaseuropa.com\/es\/premios\/","og_site_name":"Salinas","article_modified_time":"2025-02-19T18:22:49+00:00","og_image":[{"width":1077,"height":1080,"url":"https:\/\/www.salinaseuropa.com\/wp-content\/uploads\/2025\/01\/hours-concours.png","type":"image\/png"}],"twitter_card":"summary_large_image","twitter_misc":{"Tiempo de lectura":"1 minuto"},"schema":{"@context":"https:\/\/schema.org","@graph":[{"@type":"WebPage","@id":"https:\/\/www.salinaseuropa.com\/es\/premios\/","url":"https:\/\/www.salinaseuropa.com\/es\/premios\/","name":"Premios - Salinas","isPartOf":{"@id":"https:\/\/www.salinaseuropa.com\/#website"},"primaryImageOfPage":{"@id":"https:\/\/www.salinaseuropa.com\/es\/premios\/#primaryimage"},"image":{"@id":"https:\/\/www.salinaseuropa.com\/es\/premios\/#primaryimage"},"thumbnailUrl":"https:\/\/www.salinaseuropa.com\/wp-content\/uploads\/2025\/01\/hours-concours-1021x1024.png","datePublished":"2025-02-13T15:57:46+00:00","dateModified":"2025-02-19T18:22:49+00:00","breadcrumb":{"@id":"https:\/\/www.salinaseuropa.com\/es\/premios\/#breadcrumb"},"inLanguage":"es","potentialAction":[{"@type":"ReadAction","target":["https:\/\/www.salinaseuropa.com\/es\/premios\/"]}]},{"@type":"ImageObject","inLanguage":"es","@id":"https:\/\/www.salinaseuropa.com\/es\/premios\/#primaryimage","url":"https:\/\/www.salinaseuropa.com\/wp-content\/uploads\/2025\/01\/hours-concours-1021x1024.png","contentUrl":"https:\/\/www.salinaseuropa.com\/wp-content\/uploads\/2025\/01\/hours-concours-1021x1024.png"},{"@type":"BreadcrumbList","@id":"https:\/\/www.salinaseuropa.com\/es\/premios\/#breadcrumb","itemListElement":[{"@type":"ListItem","position":1,"name":"Home","item":"https:\/\/www.salinaseuropa.com\/"},{"@type":"ListItem","position":2,"name":"Premios"}]},{"@type":"WebSite","@id":"https:\/\/www.salinaseuropa.com\/#website","url":"https:\/\/www.salinaseuropa.com\/","name":"Salinas","description":"Europa","publisher":{"@id":"https:\/\/www.salinaseuropa.com\/#organization"},"potentialAction":[{"@type":"SearchAction","target":{"@type":"EntryPoint","urlTemplate":"https:\/\/www.salinaseuropa.com\/?s={search_term_string}"},"query-input":{"@type":"PropertyValueSpecification","valueRequired":true,"valueName":"search_term_string"}}],"inLanguage":"es"},{"@type":"Organization","@id":"https:\/\/www.salinaseuropa.com\/#organization","name":"Salinas","url":"https:\/\/www.salinaseuropa.com\/","logo":{"@type":"ImageObject","inLanguage":"es","@id":"https:\/\/www.salinaseuropa.com\/#\/schema\/logo\/image\/","url":"https:\/\/www.salinaseuropa.com\/wp-content\/uploads\/2025\/01\/Prancheta-1.png","contentUrl":"https:\/\/www.salinaseuropa.com\/wp-content\/uploads\/2025\/01\/Prancheta-1.png","width":5103,"height":1677,"caption":"Salinas"},"image":{"@id":"https:\/\/www.salinaseuropa.com\/#\/schema\/logo\/image\/"}}]}},"_links":{"self":[{"href":"https:\/\/www.salinaseuropa.com\/es\/wp-json\/wp\/v2\/pages\/2036","targetHints":{"allow":["GET"]}}],"collection":[{"href":"https:\/\/www.salinaseuropa.com\/es\/wp-json\/wp\/v2\/pages"}],"about":[{"href":"https:\/\/www.salinaseuropa.com\/es\/wp-json\/wp\/v2\/types\/page"}],"author":[{"embeddable":true,"href":"https:\/\/www.salinaseuropa.com\/es\/wp-json\/wp\/v2\/users\/2"}],"replies":[{"embeddable":true,"href":"https:\/\/www.salinaseuropa.com\/es\/wp-json\/wp\/v2\/comments?post=2036"}],"version-history":[{"count":1,"href":"https:\/\/www.salinaseuropa.com\/es\/wp-json\/wp\/v2\/pages\/2036\/revisions"}],"predecessor-version":[{"id":2037,"href":"https:\/\/www.salinaseuropa.com\/es\/wp-json\/wp\/v2\/pages\/2036\/revisions\/2037"}],"wp:attachment":[{"href":"https:\/\/www.salinaseuropa.com\/es\/wp-json\/wp\/v2\/media?parent=2036"}],"curies":[{"name":"wp","href":"https:\/\/api.w.org\/{rel}","templated":true}]}}