{"id":2034,"date":"2025-02-11T17:58:41","date_gmt":"2025-02-11T17:58:41","guid":{"rendered":"https:\/\/www.salinaseuropa.com\/recetas\/"},"modified":"2025-02-19T18:20:35","modified_gmt":"2025-02-19T18:20:35","slug":"recetas","status":"publish","type":"page","link":"https:\/\/www.salinaseuropa.com\/es\/recetas\/","title":{"rendered":"Recetas"},"content":{"rendered":"\t\t<div data-elementor-type=\"wp-page\" data-elementor-id=\"2034\" class=\"elementor elementor-2034 elementor-1546\" data-elementor-post-type=\"page\">\n\t\t\t\t<div class=\"elementor-element elementor-element-a5b2030 e-flex e-con-boxed e-con e-parent\" data-id=\"a5b2030\" data-element_type=\"container\" data-e-type=\"container\" data-settings=\"{&quot;background_background&quot;:&quot;gradient&quot;,&quot;shape_divider_bottom&quot;:&quot;waves&quot;,&quot;shape_divider_bottom_negative&quot;:&quot;yes&quot;}\">\n\t\t\t\t\t<div class=\"e-con-inner\">\n\t\t\t\t<div class=\"elementor-shape elementor-shape-bottom\" aria-hidden=\"true\" data-negative=\"true\">\n\t\t\t<svg xmlns=\"http:\/\/www.w3.org\/2000\/svg\" viewBox=\"0 0 1000 100\" preserveAspectRatio=\"none\">\n\t<path class=\"elementor-shape-fill\" d=\"M790.5,93.1c-59.3-5.3-116.8-18-192.6-50c-29.6-12.7-76.9-31-100.5-35.9c-23.6-4.9-52.6-7.8-75.5-5.3\n\tc-10.2,1.1-22.6,1.4-50.1,7.4c-27.2,6.3-58.2,16.6-79.4,24.7c-41.3,15.9-94.9,21.9-134,22.6C72,58.2,0,25.8,0,25.8V100h1000V65.3\n\tc0,0-51.5,19.4-106.2,25.7C839.5,97,814.1,95.2,790.5,93.1z\"\/>\n<\/svg>\t\t<\/div>\n\t\t<div class=\"elementor-element elementor-element-5fa94e0 e-con-full e-flex e-con e-child\" data-id=\"5fa94e0\" data-element_type=\"container\" data-e-type=\"container\">\n\t\t\t\t<div class=\"elementor-element elementor-element-93c0390 elementor-widget elementor-widget-heading\" data-id=\"93c0390\" data-element_type=\"widget\" data-e-type=\"widget\" data-widget_type=\"heading.default\">\n\t\t\t\t<div class=\"elementor-widget-container\">\n\t\t\t\t\t<h2 class=\"elementor-heading-title elementor-size-default\">Receta de la caipiri\u00f1a perfecta<\/h2>\t\t\t\t<\/div>\n\t\t\t\t<\/div>\n\t\t\t\t<div class=\"elementor-element elementor-element-f5802a7 elementor-widget elementor-widget-heading\" data-id=\"f5802a7\" data-element_type=\"widget\" data-e-type=\"widget\" data-widget_type=\"heading.default\">\n\t\t\t\t<div class=\"elementor-widget-container\">\n\t\t\t\t\t<h2 class=\"elementor-heading-title elementor-size-default\">Ingredientes<\/h2>\t\t\t\t<\/div>\n\t\t\t\t<\/div>\n\t\t\t\t<div class=\"elementor-element elementor-element-12302f0 elementor-widget elementor-widget-text-editor\" data-id=\"12302f0\" data-element_type=\"widget\" data-e-type=\"widget\" data-widget_type=\"text-editor.default\">\n\t\t\t\t<div class=\"elementor-widget-container\">\n\t\t\t\t\t\t\t\t\t<ul>\n<li>2 chupitos de Salinas (o uno si lo quieres m\u00e1s ligero )<\/li>\n<li>5 cucharaditas de az\u00facar<\/li>\n<li>2 unidades de limas<\/li>\n<li>hielo al gusto<\/li>\n<\/ul>\n\t\t\t\t\t\t\t\t<\/div>\n\t\t\t\t<\/div>\n\t\t\t\t<div class=\"elementor-element elementor-element-1f81331 elementor-widget elementor-widget-heading\" data-id=\"1f81331\" data-element_type=\"widget\" data-e-type=\"widget\" data-widget_type=\"heading.default\">\n\t\t\t\t<div class=\"elementor-widget-container\">\n\t\t\t\t\t<h2 class=\"elementor-heading-title elementor-size-default\">C\u00f3mo prepararse<\/h2>\t\t\t\t<\/div>\n\t\t\t\t<\/div>\n\t\t\t\t<div class=\"elementor-element elementor-element-c38a5b5 elementor-widget elementor-widget-text-editor\" data-id=\"c38a5b5\" data-element_type=\"widget\" data-e-type=\"widget\" data-widget_type=\"text-editor.default\">\n\t\t\t\t<div class=\"elementor-widget-container\">\n\t\t\t\t\t\t\t\t\t<ol>\n<li>Primero corta los limones en 4 trozos y qu\u00edtales la mitad blanca para que no amarguen. Poner los trozos de lima en una coctelera con el az\u00facar. Macere delicadamente.<\/li>\n<li>Em seguida, adicione o gelo e a cacha\u00e7a Salinas.<\/li>\n<li>Tapar la coctelera y agitar bien. Transfiera la caipiri\u00f1a a un vaso y, para terminar, decore a su gusto.<\/li>\n<li>Agora \u00e9 aproveitar e saborear esse drink inconfund\u00edvel!<\/li>\n<\/ol>\n<p>\u00a1Salud!<\/p>\n\t\t\t\t\t\t\t\t<\/div>\n\t\t\t\t<\/div>\n\t\t\t\t<div class=\"elementor-element elementor-element-855dc3b elementor-mobile-align-center elementor-align-center elementor-widget elementor-widget-button\" data-id=\"855dc3b\" data-element_type=\"widget\" data-e-type=\"widget\" data-widget_type=\"button.default\">\n\t\t\t\t<div class=\"elementor-widget-container\">\n\t\t\t\t\t\t\t\t\t<div class=\"elementor-button-wrapper\">\n\t\t\t\t\t<a class=\"elementor-button elementor-button-link elementor-size-sm\" href=\"https:\/\/www.salinaseuropa.com\/es\/comprar\/\">\n\t\t\t\t\t\t<span class=\"elementor-button-content-wrapper\">\n\t\t\t\t\t\t\t\t\t<span class=\"elementor-button-text\">Comprar<\/span>\n\t\t\t\t\t<\/span>\n\t\t\t\t\t<\/a>\n\t\t\t\t<\/div>\n\t\t\t\t\t\t\t\t<\/div>\n\t\t\t\t<\/div>\n\t\t\t\t<\/div>\n\t\t<div class=\"elementor-element elementor-element-14bfa76 e-con-full e-flex e-con e-child\" data-id=\"14bfa76\" data-element_type=\"container\" data-e-type=\"container\" data-settings=\"{&quot;background_background&quot;:&quot;classic&quot;}\">\n\t\t\t\t<div class=\"elementor-element elementor-element-4f1701f elementor-widget elementor-widget-video\" data-id=\"4f1701f\" data-element_type=\"widget\" data-e-type=\"widget\" data-settings=\"{&quot;video_type&quot;:&quot;hosted&quot;,&quot;autoplay&quot;:&quot;yes&quot;,&quot;mute&quot;:&quot;yes&quot;,&quot;loop&quot;:&quot;yes&quot;}\" data-widget_type=\"video.default\">\n\t\t\t\t<div class=\"elementor-widget-container\">\n\t\t\t\t\t\t\t<div class=\"e-hosted-video elementor-wrapper elementor-open-inline\">\n\t\t\t\t\t<video class=\"elementor-video\" src=\"https:\/\/www.salinaseuropa.com\/wp-content\/uploads\/2025\/02\/Snapinst.app_video_AQPeLeXDke0FhclRZ6L7reXiS7us417hWWPe2e0L5wlPJlaQkpJSB49R4l3oNdxS4XTzuXgX5_H23ob_OgtJV6xpWarfX4DPdhfwpNk.mp4\" autoplay=\"\" loop=\"\" muted=\"muted\" controlsList=\"nodownload\"><\/video>\n\t\t\t\t<\/div>\n\t\t\t\t\t\t<\/div>\n\t\t\t\t<\/div>\n\t\t\t\t<\/div>\n\t\t\t\t\t<\/div>\n\t\t\t\t<\/div>\n\t\t<div class=\"elementor-element elementor-element-8d44b9e e-flex e-con-boxed e-con e-parent\" data-id=\"8d44b9e\" data-element_type=\"container\" data-e-type=\"container\" data-settings=\"{&quot;background_background&quot;:&quot;gradient&quot;}\">\n\t\t\t\t\t<div class=\"e-con-inner\">\n\t\t<div class=\"elementor-element elementor-element-4ae14c7 e-con-full e-flex e-con e-child\" data-id=\"4ae14c7\" data-element_type=\"container\" data-e-type=\"container\" data-settings=\"{&quot;background_background&quot;:&quot;slideshow&quot;,&quot;background_slideshow_gallery&quot;:[{&quot;id&quot;:688,&quot;url&quot;:&quot;https:\\\/\\\/www.salinaseuropa.com\\\/wp-content\\\/uploads\\\/2025\\\/01\\\/montagem-imagem-cachaca-salinas.png&quot;}],&quot;background_slideshow_loop&quot;:&quot;yes&quot;,&quot;background_slideshow_slide_duration&quot;:5000,&quot;background_slideshow_slide_transition&quot;:&quot;fade&quot;,&quot;background_slideshow_transition_duration&quot;:500}\">\n\t\t\t\t<\/div>\n\t\t<div class=\"elementor-element elementor-element-56bd462 e-con-full e-flex e-con e-child\" data-id=\"56bd462\" data-element_type=\"container\" data-e-type=\"container\">\n\t\t\t\t<div class=\"elementor-element elementor-element-86d87db elementor-widget elementor-widget-heading\" data-id=\"86d87db\" data-element_type=\"widget\" data-e-type=\"widget\" data-widget_type=\"heading.default\">\n\t\t\t\t<div class=\"elementor-widget-container\">\n\t\t\t\t\t<h2 class=\"elementor-heading-title elementor-size-default\">Receta para una caipirinha expr\u00e9s<\/h2>\t\t\t\t<\/div>\n\t\t\t\t<\/div>\n\t\t\t\t<div class=\"elementor-element elementor-element-f202805 elementor-widget elementor-widget-text-editor\" data-id=\"f202805\" data-element_type=\"widget\" data-e-type=\"widget\" data-widget_type=\"text-editor.default\">\n\t\t\t\t<div class=\"elementor-widget-container\">\n\t\t\t\t\t\t\t\t\t<ul>\n<li>50 ml de cacha\u00e7a Salinas<\/li>\n<li>250 ml de limonada<\/li>\n<li>Hielo<\/li>\n<li>Rodelas de lima<\/li>\n<\/ul>\n<p>A\u00f1ade todos los ingredientes a un vaso y \u00a1disfruta de esta deliciosa caipiri\u00f1a expr\u00e9s!<\/p>\n\t\t\t\t\t\t\t\t<\/div>\n\t\t\t\t<\/div>\n\t\t\t\t<div class=\"elementor-element elementor-element-c013f94 elementor-mobile-align-center elementor-align-center elementor-widget elementor-widget-button\" data-id=\"c013f94\" data-element_type=\"widget\" data-e-type=\"widget\" data-widget_type=\"button.default\">\n\t\t\t\t<div class=\"elementor-widget-container\">\n\t\t\t\t\t\t\t\t\t<div class=\"elementor-button-wrapper\">\n\t\t\t\t\t<a class=\"elementor-button elementor-button-link elementor-size-sm\" href=\"https:\/\/www.salinaseuropa.com\/es\/comprar\/\">\n\t\t\t\t\t\t<span class=\"elementor-button-content-wrapper\">\n\t\t\t\t\t\t\t\t\t<span class=\"elementor-button-text\">Comprar<\/span>\n\t\t\t\t\t<\/span>\n\t\t\t\t\t<\/a>\n\t\t\t\t<\/div>\n\t\t\t\t\t\t\t\t<\/div>\n\t\t\t\t<\/div>\n\t\t\t\t<\/div>\n\t\t\t\t\t<\/div>\n\t\t\t\t<\/div>\n\t\t\t\t<\/div>\n\t\t","protected":false},"excerpt":{"rendered":"<p>Receta de la caipiri\u00f1a perfecta Ingredientes 2 chupitos de Salinas (o uno si lo quieres m\u00e1s ligero ) 5 cucharaditas de az\u00facar 2 unidades de limas hielo al gusto C\u00f3mo prepararse Primero corta los limones en 4 trozos y qu\u00edtales la mitad blanca para que no amarguen. Poner los trozos de lima en una coctelera [&hellip;]<\/p>\n","protected":false},"author":2,"featured_media":0,"parent":0,"menu_order":8,"comment_status":"closed","ping_status":"closed","template":"","meta":{"footnotes":""},"class_list":["post-2034","page","type-page","status-publish","hentry"],"yoast_head":"<!-- This site is optimized with the Yoast SEO plugin v27.4 - https:\/\/yoast.com\/product\/yoast-seo-wordpress\/ -->\n<title>Recetas - Salinas<\/title>\n<meta name=\"robots\" content=\"index, follow, max-snippet:-1, max-image-preview:large, max-video-preview:-1\" \/>\n<link rel=\"canonical\" href=\"https:\/\/www.salinaseuropa.com\/es\/recetas\/\" \/>\n<meta property=\"og:locale\" content=\"es_ES\" \/>\n<meta property=\"og:type\" content=\"article\" \/>\n<meta property=\"og:title\" content=\"Recetas - Salinas\" \/>\n<meta property=\"og:description\" content=\"Receta de la caipiri\u00f1a perfecta Ingredientes 2 chupitos de Salinas (o uno si lo quieres m\u00e1s ligero ) 5 cucharaditas de az\u00facar 2 unidades de limas hielo al gusto C\u00f3mo prepararse Primero corta los limones en 4 trozos y qu\u00edtales la mitad blanca para que no amarguen. Poner los trozos de lima en una coctelera [&hellip;]\" \/>\n<meta property=\"og:url\" content=\"https:\/\/www.salinaseuropa.com\/es\/recetas\/\" \/>\n<meta property=\"og:site_name\" content=\"Salinas\" \/>\n<meta property=\"article:modified_time\" content=\"2025-02-19T18:20:35+00:00\" \/>\n<meta name=\"twitter:card\" content=\"summary_large_image\" \/>\n<meta name=\"twitter:label1\" content=\"Tiempo de lectura\" \/>\n\t<meta name=\"twitter:data1\" content=\"1 minuto\" \/>\n<script type=\"application\/ld+json\" class=\"yoast-schema-graph\">{\"@context\":\"https:\\\/\\\/schema.org\",\"@graph\":[{\"@type\":\"WebPage\",\"@id\":\"https:\\\/\\\/www.salinaseuropa.com\\\/es\\\/recetas\\\/\",\"url\":\"https:\\\/\\\/www.salinaseuropa.com\\\/es\\\/recetas\\\/\",\"name\":\"Recetas - Salinas\",\"isPartOf\":{\"@id\":\"https:\\\/\\\/www.salinaseuropa.com\\\/#website\"},\"datePublished\":\"2025-02-11T17:58:41+00:00\",\"dateModified\":\"2025-02-19T18:20:35+00:00\",\"breadcrumb\":{\"@id\":\"https:\\\/\\\/www.salinaseuropa.com\\\/es\\\/recetas\\\/#breadcrumb\"},\"inLanguage\":\"es\",\"potentialAction\":[{\"@type\":\"ReadAction\",\"target\":[\"https:\\\/\\\/www.salinaseuropa.com\\\/es\\\/recetas\\\/\"]}]},{\"@type\":\"BreadcrumbList\",\"@id\":\"https:\\\/\\\/www.salinaseuropa.com\\\/es\\\/recetas\\\/#breadcrumb\",\"itemListElement\":[{\"@type\":\"ListItem\",\"position\":1,\"name\":\"Home\",\"item\":\"https:\\\/\\\/www.salinaseuropa.com\\\/\"},{\"@type\":\"ListItem\",\"position\":2,\"name\":\"Recetas\"}]},{\"@type\":\"WebSite\",\"@id\":\"https:\\\/\\\/www.salinaseuropa.com\\\/#website\",\"url\":\"https:\\\/\\\/www.salinaseuropa.com\\\/\",\"name\":\"Salinas\",\"description\":\"Europa\",\"publisher\":{\"@id\":\"https:\\\/\\\/www.salinaseuropa.com\\\/#organization\"},\"potentialAction\":[{\"@type\":\"SearchAction\",\"target\":{\"@type\":\"EntryPoint\",\"urlTemplate\":\"https:\\\/\\\/www.salinaseuropa.com\\\/?s={search_term_string}\"},\"query-input\":{\"@type\":\"PropertyValueSpecification\",\"valueRequired\":true,\"valueName\":\"search_term_string\"}}],\"inLanguage\":\"es\"},{\"@type\":\"Organization\",\"@id\":\"https:\\\/\\\/www.salinaseuropa.com\\\/#organization\",\"name\":\"Salinas\",\"url\":\"https:\\\/\\\/www.salinaseuropa.com\\\/\",\"logo\":{\"@type\":\"ImageObject\",\"inLanguage\":\"es\",\"@id\":\"https:\\\/\\\/www.salinaseuropa.com\\\/#\\\/schema\\\/logo\\\/image\\\/\",\"url\":\"https:\\\/\\\/www.salinaseuropa.com\\\/wp-content\\\/uploads\\\/2025\\\/01\\\/Prancheta-1.png\",\"contentUrl\":\"https:\\\/\\\/www.salinaseuropa.com\\\/wp-content\\\/uploads\\\/2025\\\/01\\\/Prancheta-1.png\",\"width\":5103,\"height\":1677,\"caption\":\"Salinas\"},\"image\":{\"@id\":\"https:\\\/\\\/www.salinaseuropa.com\\\/#\\\/schema\\\/logo\\\/image\\\/\"}}]}<\/script>\n<!-- \/ Yoast SEO plugin. -->","yoast_head_json":{"title":"Recetas - Salinas","robots":{"index":"index","follow":"follow","max-snippet":"max-snippet:-1","max-image-preview":"max-image-preview:large","max-video-preview":"max-video-preview:-1"},"canonical":"https:\/\/www.salinaseuropa.com\/es\/recetas\/","og_locale":"es_ES","og_type":"article","og_title":"Recetas - Salinas","og_description":"Receta de la caipiri\u00f1a perfecta Ingredientes 2 chupitos de Salinas (o uno si lo quieres m\u00e1s ligero ) 5 cucharaditas de az\u00facar 2 unidades de limas hielo al gusto C\u00f3mo prepararse Primero corta los limones en 4 trozos y qu\u00edtales la mitad blanca para que no amarguen. Poner los trozos de lima en una coctelera [&hellip;]","og_url":"https:\/\/www.salinaseuropa.com\/es\/recetas\/","og_site_name":"Salinas","article_modified_time":"2025-02-19T18:20:35+00:00","twitter_card":"summary_large_image","twitter_misc":{"Tiempo de lectura":"1 minuto"},"schema":{"@context":"https:\/\/schema.org","@graph":[{"@type":"WebPage","@id":"https:\/\/www.salinaseuropa.com\/es\/recetas\/","url":"https:\/\/www.salinaseuropa.com\/es\/recetas\/","name":"Recetas - Salinas","isPartOf":{"@id":"https:\/\/www.salinaseuropa.com\/#website"},"datePublished":"2025-02-11T17:58:41+00:00","dateModified":"2025-02-19T18:20:35+00:00","breadcrumb":{"@id":"https:\/\/www.salinaseuropa.com\/es\/recetas\/#breadcrumb"},"inLanguage":"es","potentialAction":[{"@type":"ReadAction","target":["https:\/\/www.salinaseuropa.com\/es\/recetas\/"]}]},{"@type":"BreadcrumbList","@id":"https:\/\/www.salinaseuropa.com\/es\/recetas\/#breadcrumb","itemListElement":[{"@type":"ListItem","position":1,"name":"Home","item":"https:\/\/www.salinaseuropa.com\/"},{"@type":"ListItem","position":2,"name":"Recetas"}]},{"@type":"WebSite","@id":"https:\/\/www.salinaseuropa.com\/#website","url":"https:\/\/www.salinaseuropa.com\/","name":"Salinas","description":"Europa","publisher":{"@id":"https:\/\/www.salinaseuropa.com\/#organization"},"potentialAction":[{"@type":"SearchAction","target":{"@type":"EntryPoint","urlTemplate":"https:\/\/www.salinaseuropa.com\/?s={search_term_string}"},"query-input":{"@type":"PropertyValueSpecification","valueRequired":true,"valueName":"search_term_string"}}],"inLanguage":"es"},{"@type":"Organization","@id":"https:\/\/www.salinaseuropa.com\/#organization","name":"Salinas","url":"https:\/\/www.salinaseuropa.com\/","logo":{"@type":"ImageObject","inLanguage":"es","@id":"https:\/\/www.salinaseuropa.com\/#\/schema\/logo\/image\/","url":"https:\/\/www.salinaseuropa.com\/wp-content\/uploads\/2025\/01\/Prancheta-1.png","contentUrl":"https:\/\/www.salinaseuropa.com\/wp-content\/uploads\/2025\/01\/Prancheta-1.png","width":5103,"height":1677,"caption":"Salinas"},"image":{"@id":"https:\/\/www.salinaseuropa.com\/#\/schema\/logo\/image\/"}}]}},"_links":{"self":[{"href":"https:\/\/www.salinaseuropa.com\/es\/wp-json\/wp\/v2\/pages\/2034","targetHints":{"allow":["GET"]}}],"collection":[{"href":"https:\/\/www.salinaseuropa.com\/es\/wp-json\/wp\/v2\/pages"}],"about":[{"href":"https:\/\/www.salinaseuropa.com\/es\/wp-json\/wp\/v2\/types\/page"}],"author":[{"embeddable":true,"href":"https:\/\/www.salinaseuropa.com\/es\/wp-json\/wp\/v2\/users\/2"}],"replies":[{"embeddable":true,"href":"https:\/\/www.salinaseuropa.com\/es\/wp-json\/wp\/v2\/comments?post=2034"}],"version-history":[{"count":1,"href":"https:\/\/www.salinaseuropa.com\/es\/wp-json\/wp\/v2\/pages\/2034\/revisions"}],"predecessor-version":[{"id":2035,"href":"https:\/\/www.salinaseuropa.com\/es\/wp-json\/wp\/v2\/pages\/2034\/revisions\/2035"}],"wp:attachment":[{"href":"https:\/\/www.salinaseuropa.com\/es\/wp-json\/wp\/v2\/media?parent=2034"}],"curies":[{"name":"wp","href":"https:\/\/api.w.org\/{rel}","templated":true}]}}